{"id":350,"date":"2025-10-24T14:22:30","date_gmt":"2025-10-24T12:22:30","guid":{"rendered":"https:\/\/carspawroclaw.pl\/?page_id=350"},"modified":"2025-10-24T14:23:32","modified_gmt":"2025-10-24T12:23:32","slug":"cennik","status":"publish","type":"page","link":"https:\/\/carspawroclaw.pl\/?page_id=350","title":{"rendered":"Cennik Us\u0142ug"},"content":{"rendered":"\t\t<div data-elementor-type=\"wp-page\" data-elementor-id=\"350\" class=\"elementor elementor-350\">\n\t\t\t\t<div class=\"elementor-element elementor-element-993ef16 e-flex e-con-boxed e-con e-parent\" data-id=\"993ef16\" data-element_type=\"container\">\n\t\t\t\t\t<div class=\"e-con-inner\">\n\t\t\t\t<div class=\"elementor-element elementor-element-0da86f1 elementor-widget elementor-widget-text-editor\" data-id=\"0da86f1\" data-element_type=\"widget\" data-widget_type=\"text-editor.default\">\n\t\t\t\t\t\t\t\t\t<p>Cennik Us\u0142ug<\/p>\t\t\t\t\t\t\t\t<\/div>\n\t\t\t\t\t<\/div>\n\t\t\t\t<\/div>\n\t\t<div class=\"elementor-element elementor-element-7121e92 e-flex e-con-boxed e-con e-parent\" data-id=\"7121e92\" data-element_type=\"container\">\n\t\t\t\t\t<div class=\"e-con-inner\">\n\t\t\t\t<div class=\"elementor-element elementor-element-f1c33bd elementor-widget elementor-widget-text-editor\" data-id=\"f1c33bd\" data-element_type=\"widget\" data-widget_type=\"text-editor.default\">\n\t\t\t\t\t\t\t\t\t<p>Oferujemy kompleksow\u0105 gam\u0119 us\u0142ug auto detailing na najwy\u017cszym poziomie<\/p>\t\t\t\t\t\t\t\t<\/div>\n\t\t\t\t\t<\/div>\n\t\t\t\t<\/div>\n\t\t<div class=\"elementor-element elementor-element-731807b e-flex e-con-boxed e-con e-parent\" data-id=\"731807b\" data-element_type=\"container\">\n\t\t\t\t\t<div class=\"e-con-inner\">\n\t\t\t\t<div class=\"elementor-element elementor-element-2f353d0 elementor-widget elementor-widget-image\" data-id=\"2f353d0\" data-element_type=\"widget\" data-widget_type=\"image.default\">\n\t\t\t\t\t\t\t\t\t\t\t\t\t\t\t<img fetchpriority=\"high\" decoding=\"async\" width=\"1024\" height=\"1024\" src=\"https:\/\/carspawroclaw.pl\/wp-content\/uploads\/2025\/10\/470803288_571655188954281_4462202604309906687_n-1024x1024.jpeg\" class=\"attachment-large size-large wp-image-355\" alt=\"\" srcset=\"https:\/\/carspawroclaw.pl\/wp-content\/uploads\/2025\/10\/470803288_571655188954281_4462202604309906687_n-1024x1024.jpeg 1024w, https:\/\/carspawroclaw.pl\/wp-content\/uploads\/2025\/10\/470803288_571655188954281_4462202604309906687_n-300x300.jpeg 300w, https:\/\/carspawroclaw.pl\/wp-content\/uploads\/2025\/10\/470803288_571655188954281_4462202604309906687_n-150x150.jpeg 150w, https:\/\/carspawroclaw.pl\/wp-content\/uploads\/2025\/10\/470803288_571655188954281_4462202604309906687_n-768x768.jpeg 768w, https:\/\/carspawroclaw.pl\/wp-content\/uploads\/2025\/10\/470803288_571655188954281_4462202604309906687_n.jpeg 1080w\" sizes=\"(max-width: 1024px) 100vw, 1024px\" \/>\t\t\t\t\t\t\t\t\t\t\t\t\t\t\t<\/div>\n\t\t\t\t\t<\/div>\n\t\t\t\t<\/div>\n\t\t<div class=\"elementor-element elementor-element-66609b6 e-flex e-con-boxed e-con e-parent\" data-id=\"66609b6\" data-element_type=\"container\">\n\t\t\t\t\t<div class=\"e-con-inner\">\n\t\t\t\t<div class=\"elementor-element elementor-element-4086a47 elementor-widget elementor-widget-image\" data-id=\"4086a47\" data-element_type=\"widget\" data-widget_type=\"image.default\">\n\t\t\t\t\t\t\t\t\t\t\t\t\t\t\t<img decoding=\"async\" width=\"1024\" height=\"1024\" src=\"https:\/\/carspawroclaw.pl\/wp-content\/uploads\/2025\/10\/470658974_571655475620919_9073452089787821032_n-1024x1024.jpeg\" class=\"attachment-large size-large wp-image-354\" alt=\"\" srcset=\"https:\/\/carspawroclaw.pl\/wp-content\/uploads\/2025\/10\/470658974_571655475620919_9073452089787821032_n-1024x1024.jpeg 1024w, https:\/\/carspawroclaw.pl\/wp-content\/uploads\/2025\/10\/470658974_571655475620919_9073452089787821032_n-300x300.jpeg 300w, https:\/\/carspawroclaw.pl\/wp-content\/uploads\/2025\/10\/470658974_571655475620919_9073452089787821032_n-150x150.jpeg 150w, https:\/\/carspawroclaw.pl\/wp-content\/uploads\/2025\/10\/470658974_571655475620919_9073452089787821032_n-768x768.jpeg 768w, https:\/\/carspawroclaw.pl\/wp-content\/uploads\/2025\/10\/470658974_571655475620919_9073452089787821032_n.jpeg 1080w\" sizes=\"(max-width: 1024px) 100vw, 1024px\" \/>\t\t\t\t\t\t\t\t\t\t\t\t\t\t\t<\/div>\n\t\t\t\t\t<\/div>\n\t\t\t\t<\/div>\n\t\t<div class=\"elementor-element elementor-element-6927b5b e-flex e-con-boxed e-con e-parent\" data-id=\"6927b5b\" data-element_type=\"container\">\n\t\t\t\t\t<div class=\"e-con-inner\">\n\t\t\t\t<div class=\"elementor-element elementor-element-3fc1ff9 elementor-widget elementor-widget-image\" data-id=\"3fc1ff9\" data-element_type=\"widget\" data-widget_type=\"image.default\">\n\t\t\t\t\t\t\t\t\t\t\t\t\t\t\t<img decoding=\"async\" width=\"1024\" height=\"1024\" src=\"https:\/\/carspawroclaw.pl\/wp-content\/uploads\/2025\/10\/470641883_571655138954286_3196578490942950773_n-1024x1024.jpeg\" class=\"attachment-large size-large wp-image-353\" alt=\"\" srcset=\"https:\/\/carspawroclaw.pl\/wp-content\/uploads\/2025\/10\/470641883_571655138954286_3196578490942950773_n-1024x1024.jpeg 1024w, https:\/\/carspawroclaw.pl\/wp-content\/uploads\/2025\/10\/470641883_571655138954286_3196578490942950773_n-300x300.jpeg 300w, https:\/\/carspawroclaw.pl\/wp-content\/uploads\/2025\/10\/470641883_571655138954286_3196578490942950773_n-150x150.jpeg 150w, https:\/\/carspawroclaw.pl\/wp-content\/uploads\/2025\/10\/470641883_571655138954286_3196578490942950773_n-768x768.jpeg 768w, https:\/\/carspawroclaw.pl\/wp-content\/uploads\/2025\/10\/470641883_571655138954286_3196578490942950773_n.jpeg 1080w\" sizes=\"(max-width: 1024px) 100vw, 1024px\" \/>\t\t\t\t\t\t\t\t\t\t\t\t\t\t\t<\/div>\n\t\t\t\t\t<\/div>\n\t\t\t\t<\/div>\n\t\t<div class=\"elementor-element elementor-element-182368b e-flex e-con-boxed e-con e-parent\" data-id=\"182368b\" data-element_type=\"container\">\n\t\t\t\t\t<div class=\"e-con-inner\">\n\t\t\t\t<div class=\"elementor-element elementor-element-853d733 elementor-widget elementor-widget-image\" data-id=\"853d733\" data-element_type=\"widget\" data-widget_type=\"image.default\">\n\t\t\t\t\t\t\t\t\t\t\t\t\t\t\t<img loading=\"lazy\" decoding=\"async\" width=\"1024\" height=\"1024\" src=\"https:\/\/carspawroclaw.pl\/wp-content\/uploads\/2025\/10\/470558762_571655118954288_7880725496766973267_n-1024x1024.jpeg\" class=\"attachment-large size-large wp-image-352\" alt=\"\" srcset=\"https:\/\/carspawroclaw.pl\/wp-content\/uploads\/2025\/10\/470558762_571655118954288_7880725496766973267_n-1024x1024.jpeg 1024w, https:\/\/carspawroclaw.pl\/wp-content\/uploads\/2025\/10\/470558762_571655118954288_7880725496766973267_n-300x300.jpeg 300w, https:\/\/carspawroclaw.pl\/wp-content\/uploads\/2025\/10\/470558762_571655118954288_7880725496766973267_n-150x150.jpeg 150w, https:\/\/carspawroclaw.pl\/wp-content\/uploads\/2025\/10\/470558762_571655118954288_7880725496766973267_n-768x768.jpeg 768w, https:\/\/carspawroclaw.pl\/wp-content\/uploads\/2025\/10\/470558762_571655118954288_7880725496766973267_n.jpeg 1080w\" sizes=\"(max-width: 1024px) 100vw, 1024px\" \/>\t\t\t\t\t\t\t\t\t\t\t\t\t\t\t<\/div>\n\t\t\t\t\t<\/div>\n\t\t\t\t<\/div>\n\t\t\t\t<\/div>\n\t\t","protected":false},"excerpt":{"rendered":"<p>Cennik Us\u0142ug Oferujemy kompleksow\u0105 gam\u0119 us\u0142ug auto detailing na najwy\u017cszym poziomie<\/p>\n","protected":false},"author":1,"featured_media":0,"parent":0,"menu_order":0,"comment_status":"closed","ping_status":"closed","template":"","meta":{"_kad_post_transparent":"","_kad_post_title":"hide","_kad_post_layout":"fullwidth","_kad_post_sidebar_id":"","_kad_post_content_style":"unboxed","_kad_post_vertical_padding":"hide","_kad_post_feature":"hide","_kad_post_feature_position":"","_kad_post_header":false,"_kad_post_footer":false,"footnotes":""},"class_list":["post-350","page","type-page","status-publish","hentry"],"_links":{"self":[{"href":"https:\/\/carspawroclaw.pl\/index.php?rest_route=\/wp\/v2\/pages\/350","targetHints":{"allow":["GET"]}}],"collection":[{"href":"https:\/\/carspawroclaw.pl\/index.php?rest_route=\/wp\/v2\/pages"}],"about":[{"href":"https:\/\/carspawroclaw.pl\/index.php?rest_route=\/wp\/v2\/types\/page"}],"author":[{"embeddable":true,"href":"https:\/\/carspawroclaw.pl\/index.php?rest_route=\/wp\/v2\/users\/1"}],"replies":[{"embeddable":true,"href":"https:\/\/carspawroclaw.pl\/index.php?rest_route=%2Fwp%2Fv2%2Fcomments&post=350"}],"version-history":[{"count":5,"href":"https:\/\/carspawroclaw.pl\/index.php?rest_route=\/wp\/v2\/pages\/350\/revisions"}],"predecessor-version":[{"id":359,"href":"https:\/\/carspawroclaw.pl\/index.php?rest_route=\/wp\/v2\/pages\/350\/revisions\/359"}],"wp:attachment":[{"href":"https:\/\/carspawroclaw.pl\/index.php?rest_route=%2Fwp%2Fv2%2Fmedia&parent=350"}],"curies":[{"name":"wp","href":"https:\/\/api.w.org\/{rel}","templated":true}]}}